{"id":1207,"date":"2020-12-14T02:34:03","date_gmt":"2020-12-14T02:34:03","guid":{"rendered":"http:\/\/shivartdesign.com\/about\/"},"modified":"2024-08-09T13:12:20","modified_gmt":"2024-08-09T10:12:20","slug":"about","status":"publish","type":"page","link":"https:\/\/shivartdesign.com\/?page_id=1207&lang=tr","title":{"rendered":"Hakk\u0131m\u0131zda"},"content":{"rendered":"\t\t<div data-elementor-type=\"wp-page\" data-elementor-id=\"1207\" class=\"elementor elementor-1207 elementor-10\" data-elementor-post-type=\"page\">\n\t\t\t\t\t\t<section class=\"elementor-section elementor-top-section elementor-element elementor-element-4ae8f37 elementor-reverse-tablet elementor-reverse-mobile elementor-section-boxed elementor-section-height-default elementor-section-height-default\" data-id=\"4ae8f37\" data-element_type=\"section\">\n\t\t\t\t\t\t<div class=\"elementor-container elementor-column-gap-default\">\n\t\t\t\t\t<div class=\"elementor-column elementor-col-50 elementor-top-column elementor-element elementor-element-c403d2f\" data-id=\"c403d2f\" data-element_type=\"column\">\n\t\t\t<div class=\"elementor-widget-wrap elementor-element-populated\">\n\t\t\t\t\t\t<section class=\"elementor-section elementor-inner-section elementor-element elementor-element-af80df6 elementor-section-boxed elementor-section-height-default elementor-section-height-default\" data-id=\"af80df6\" data-element_type=\"section\" data-settings=\"{&quot;sticky&quot;:&quot;top&quot;,&quot;sticky_offset&quot;:100,&quot;sticky_parent&quot;:&quot;yes&quot;,&quot;sticky_on&quot;:[&quot;desktop&quot;],&quot;sticky_effects_offset&quot;:0}\">\n\t\t\t\t\t\t<div class=\"elementor-container elementor-column-gap-default\">\n\t\t\t\t\t<div class=\"elementor-column elementor-col-100 elementor-inner-column elementor-element elementor-element-30388d3\" data-id=\"30388d3\" data-element_type=\"column\">\n\t\t\t<div class=\"elementor-widget-wrap elementor-element-populated\">\n\t\t\t\t\t\t<div class=\"elementor-element elementor-element-4dc5e19 elementor-widget elementor-widget-image\" data-id=\"4dc5e19\" data-element_type=\"widget\" data-widget_type=\"image.default\">\n\t\t\t\t<div class=\"elementor-widget-container\">\n\t\t\t<style>\/*! elementor - v3.23.0 - 05-08-2024 *\/\n.elementor-widget-image{text-align:center}.elementor-widget-image a{display:inline-block}.elementor-widget-image a img[src$=\".svg\"]{width:48px}.elementor-widget-image img{vertical-align:middle;display:inline-block}<\/style>\t\t\t\t\t\t\t\t\t\t<img fetchpriority=\"high\" decoding=\"async\" width=\"600\" height=\"833\" src=\"https:\/\/shivartdesign.com\/wp-content\/uploads\/2022\/11\/shiva-photo.webp\" class=\"attachment-full size-full wp-image-3465\" alt=\"Architecture and Interior Design Company\" srcset=\"https:\/\/shivartdesign.com\/wp-content\/uploads\/2022\/11\/shiva-photo.webp 600w, https:\/\/shivartdesign.com\/wp-content\/uploads\/2022\/11\/shiva-photo-216x300.webp 216w\" sizes=\"(max-width: 600px) 100vw, 600px\" \/>\t\t\t\t\t\t\t\t\t\t\t\t\t<\/div>\n\t\t\t\t<\/div>\n\t\t\t\t<section class=\"elementor-section elementor-inner-section elementor-element elementor-element-f70de11 elementor-section-boxed elementor-section-height-default elementor-section-height-default\" data-id=\"f70de11\" data-element_type=\"section\">\n\t\t\t\t\t\t<div class=\"elementor-container elementor-column-gap-default\">\n\t\t\t\t\t<div class=\"elementor-column elementor-col-50 elementor-inner-column elementor-element elementor-element-eee9645\" data-id=\"eee9645\" data-element_type=\"column\">\n\t\t\t<div class=\"elementor-widget-wrap elementor-element-populated\">\n\t\t\t\t\t\t<div class=\"elementor-element elementor-element-6406b62 elementor-mobile-align-left elementor-icon-list--layout-traditional elementor-list-item-link-full_width elementor-widget elementor-widget-icon-list\" data-id=\"6406b62\" data-element_type=\"widget\" data-widget_type=\"icon-list.default\">\n\t\t\t\t<div class=\"elementor-widget-container\">\n\t\t\t<link rel=\"stylesheet\" href=\"https:\/\/shivartdesign.com\/wp-content\/plugins\/elementor\/assets\/css\/widget-icon-list.min.css\">\t\t<ul class=\"elementor-icon-list-items\">\n\t\t\t\t\t\t\t<li class=\"elementor-icon-list-item\">\n\t\t\t\t\t\t\t\t\t\t\t<a href=\"https:\/\/www.instagram.com\/shivart_design\/\" target=\"_blank\">\n\n\t\t\t\t\t\t\t\t\t\t\t\t<span class=\"elementor-icon-list-icon\">\n\t\t\t\t\t\t\t<i aria-hidden=\"true\" class=\"fab fa-instagram\"><\/i>\t\t\t\t\t\t<\/span>\n\t\t\t\t\t\t\t\t\t\t<span class=\"elementor-icon-list-text\">instagram<\/span>\n\t\t\t\t\t\t\t\t\t\t\t<\/a>\n\t\t\t\t\t\t\t\t\t<\/li>\n\t\t\t\t\t\t\t\t<li class=\"elementor-icon-list-item\">\n\t\t\t\t\t\t\t\t\t\t\t<span class=\"elementor-icon-list-icon\">\n\t\t\t\t\t\t\t<i aria-hidden=\"true\" class=\"fas fa-mobile-alt\"><\/i>\t\t\t\t\t\t<\/span>\n\t\t\t\t\t\t\t\t\t\t<span class=\"elementor-icon-list-text\">+90 544 245 88 89<\/span>\n\t\t\t\t\t\t\t\t\t<\/li>\n\t\t\t\t\t\t<\/ul>\n\t\t\t\t<\/div>\n\t\t\t\t<\/div>\n\t\t\t\t\t<\/div>\n\t\t<\/div>\n\t\t\t\t<div class=\"elementor-column elementor-col-50 elementor-inner-column elementor-element elementor-element-128351d\" data-id=\"128351d\" data-element_type=\"column\">\n\t\t\t<div class=\"elementor-widget-wrap elementor-element-populated\">\n\t\t\t\t\t\t<div class=\"elementor-element elementor-element-c2c109c elementor-mobile-align-left elementor-icon-list--layout-traditional elementor-list-item-link-full_width elementor-widget elementor-widget-icon-list\" data-id=\"c2c109c\" data-element_type=\"widget\" data-widget_type=\"icon-list.default\">\n\t\t\t\t<div class=\"elementor-widget-container\">\n\t\t\t\t\t<ul class=\"elementor-icon-list-items\">\n\t\t\t\t\t\t\t<li class=\"elementor-icon-list-item\">\n\t\t\t\t\t\t\t\t\t\t\t<a href=\"https:\/\/www.facebook.com\/profile.php?id=100065242620259\" target=\"_blank\">\n\n\t\t\t\t\t\t\t\t\t\t\t\t<span class=\"elementor-icon-list-icon\">\n\t\t\t\t\t\t\t<i aria-hidden=\"true\" class=\"fab fa-facebook-f\"><\/i>\t\t\t\t\t\t<\/span>\n\t\t\t\t\t\t\t\t\t\t<span class=\"elementor-icon-list-text\">Facebook<\/span>\n\t\t\t\t\t\t\t\t\t\t\t<\/a>\n\t\t\t\t\t\t\t\t\t<\/li>\n\t\t\t\t\t\t\t\t<li class=\"elementor-icon-list-item\">\n\t\t\t\t\t\t\t\t\t\t\t<a href=\"http:\/\/shivartdesign.com\/?page_id=1221&#038;lang=tr\">\n\n\t\t\t\t\t\t\t\t\t\t\t\t<span class=\"elementor-icon-list-icon\">\n\t\t\t\t\t\t\t<i aria-hidden=\"true\" class=\"far fa-envelope-open\"><\/i>\t\t\t\t\t\t<\/span>\n\t\t\t\t\t\t\t\t\t\t<span class=\"elementor-icon-list-text\">Bana ula\u015f\u0131n<\/span>\n\t\t\t\t\t\t\t\t\t\t\t<\/a>\n\t\t\t\t\t\t\t\t\t<\/li>\n\t\t\t\t\t\t<\/ul>\n\t\t\t\t<\/div>\n\t\t\t\t<\/div>\n\t\t\t\t\t<\/div>\n\t\t<\/div>\n\t\t\t\t\t<\/div>\n\t\t<\/section>\n\t\t\t\t\t<\/div>\n\t\t<\/div>\n\t\t\t\t\t<\/div>\n\t\t<\/section>\n\t\t\t\t\t<\/div>\n\t\t<\/div>\n\t\t\t\t<div class=\"elementor-column elementor-col-50 elementor-top-column elementor-element elementor-element-335fc32\" data-id=\"335fc32\" data-element_type=\"column\">\n\t\t\t<div class=\"elementor-widget-wrap elementor-element-populated\">\n\t\t\t\t\t\t<div class=\"elementor-element elementor-element-65a39c8 elementor-widget elementor-widget-heading\" data-id=\"65a39c8\" data-element_type=\"widget\" data-widget_type=\"heading.default\">\n\t\t\t\t<div class=\"elementor-widget-container\">\n\t\t\t<style>\/*! elementor - v3.23.0 - 05-08-2024 *\/\n.elementor-heading-title{padding:0;margin:0;line-height:1}.elementor-widget-heading .elementor-heading-title[class*=elementor-size-]>a{color:inherit;font-size:inherit;line-height:inherit}.elementor-widget-heading .elementor-heading-title.elementor-size-small{font-size:15px}.elementor-widget-heading .elementor-heading-title.elementor-size-medium{font-size:19px}.elementor-widget-heading .elementor-heading-title.elementor-size-large{font-size:29px}.elementor-widget-heading .elementor-heading-title.elementor-size-xl{font-size:39px}.elementor-widget-heading .elementor-heading-title.elementor-size-xxl{font-size:59px}<\/style><h2 class=\"elementor-heading-title elementor-size-default\">Hakk\u0131m\u0131zda<\/h2>\t\t<\/div>\n\t\t\t\t<\/div>\n\t\t\t\t<section class=\"elementor-section elementor-inner-section elementor-element elementor-element-6524bc8 elementor-section-boxed elementor-section-height-default elementor-section-height-default\" data-id=\"6524bc8\" data-element_type=\"section\">\n\t\t\t\t\t\t<div class=\"elementor-container elementor-column-gap-default\">\n\t\t\t\t\t<div class=\"elementor-column elementor-col-100 elementor-inner-column elementor-element elementor-element-2bec28c\" data-id=\"2bec28c\" data-element_type=\"column\">\n\t\t\t<div class=\"elementor-widget-wrap elementor-element-populated\">\n\t\t\t\t\t\t<div class=\"elementor-element elementor-element-0042162 elementor-widget elementor-widget-text-editor\" data-id=\"0042162\" data-element_type=\"widget\" data-widget_type=\"text-editor.default\">\n\t\t\t\t<div class=\"elementor-widget-container\">\n\t\t\t<style>\/*! elementor - v3.23.0 - 05-08-2024 *\/\n.elementor-widget-text-editor.elementor-drop-cap-view-stacked .elementor-drop-cap{background-color:#69727d;color:#fff}.elementor-widget-text-editor.elementor-drop-cap-view-framed .elementor-drop-cap{color:#69727d;border:3px solid;background-color:transparent}.elementor-widget-text-editor:not(.elementor-drop-cap-view-default) .elementor-drop-cap{margin-top:8px}.elementor-widget-text-editor:not(.elementor-drop-cap-view-default) .elementor-drop-cap-letter{width:1em;height:1em}.elementor-widget-text-editor .elementor-drop-cap{float:left;text-align:center;line-height:1;font-size:50px}.elementor-widget-text-editor .elementor-drop-cap-letter{display:inline-block}<\/style>\t\t\t\t<p><em><strong>B\u0130Z K\u0130M\u0130Z<\/strong><\/em><\/p><p>SHIVART Mimarl\u0131k ve \u0130\u00e7 Tasar\u0131m \u015eirketi, 2017 y\u0131l\u0131nda\u00a0 Shiva Kafashzadeh taraf\u0131ndan kurulmu\u015ftur.\u00a0 \u0130stanbul\u2019da kurulan bir tasar\u0131m st\u00fcdyosudur. Bu sorumluluk ve vizyon ile yola \u00e7\u0131kan firmam\u0131z, hizmet verdi\u011fi alanlarda piyasa standartlar\u0131n\u0131n \u00fczerinde bir kalite anlay\u0131\u015f\u0131 ve vizyon ile projelerini olu\u015fturmaktad\u0131r<\/p><p>\u00a0Ba\u015flang\u0131\u00e7ta, SHIVART\u2018\u0131n sanatsal ve ticari faaliyetleri K\u0131br\u0131s\u2019ta kuruldu ve \u00e7ok say\u0131da projeyi tamamlay\u0131p yerel ve uluslararas\u0131 pazarda tan\u0131n\u0131r hale geldikten sonra konusunda uzman mimarlar aras\u0131ndan, faaliyetlerini geni\u015fletmek i\u00e7in T\u00fcrkiye\u2019de \u0130stanbul\u2019u hedef ald\u0131.<\/p><p>Bir metropol ve Asya ile Avrupa\u2019n\u0131n iki k\u0131tas\u0131n\u0131 birbirine ba\u011flayan \u0130stanbul, SHIVART\u2019\u0131n profesyonel faaliyetleri i\u00e7in daha uygun bir platform sunabilmi\u015f ve 2019\u2019dan bu yana zincir restoranlar\u0131n tasar\u0131m\u0131 ve uygulanmas\u0131 i\u00e7in sipari\u015f ve talep hacmi olduk\u00e7a dikkat \u00e7ekiciydi.<\/p><p>Sonu\u00e7 olarak SHIVART, profesyonel portf\u00f6y\u00fcne T\u00fcrkiye\u2019deki uluslararas\u0131 restoranlar\u0131n tasar\u0131m\u0131 ve dan\u0131\u015fmanl\u0131\u011f\u0131 konusunda eksiksiz bir \u00f6zge\u00e7mi\u015f ekleyebildi. SHIVART, T\u00fcrkiye\u2019deki restoranlar\u0131n tasar\u0131m ve uygulamalar\u0131n\u0131n yan\u0131 s\u0131ra, \u0130stanbul\u2019un bir\u00e7ok b\u00f6lgesindeki l\u00fcks villa ve ofislerin tasar\u0131m ve dekorasyonunda k\u0131demli dan\u0131\u015fman olarak \u00e7al\u0131\u015fm\u0131\u015f ve i\u00e7 ve d\u0131\u015f mimari ile restoranlar\u0131n tasar\u0131m\u0131 ve uygulanmas\u0131ndaki uzmanl\u0131\u011f\u0131n\u0131 ortaya koyma f\u0131rsat\u0131 bulmu\u015ftur. Bina cepheleri.<\/p><p>SHIVART, bug\u00fcnlerde \u0130stanbul\u2019un en tan\u0131nm\u0131\u015f gen\u00e7 ve deneyimli mimarlar\u0131ndan biri olarak kabul ediliyor ve T\u00fcrkiye\u2019de ve kom\u015fu \u00fclkelerde muhte\u015fem tasar\u0131m ve projelerle dolu bir portf\u00f6ye sahip.<\/p><p>SHIVART\u2019\u0131n t\u00fcm \u00e7abas\u0131 ve hedefi, uluslararas\u0131 m\u00fc\u015fterileri ile profesyonel bir \u00e7al\u0131\u015fma ili\u015fkisi olu\u015fturmakt\u0131r ve bug\u00fcn t\u00fcm m\u00fc\u015fterilerinin memnuniyeti, SHIVART Mimarl\u0131k ve \u0130\u00e7 Tasar\u0131m \u015eirketi\u2019nin onurlar\u0131ndan biridir.<\/p><p><strong><em>TAM OLARAK NE YAPIYORUZ<\/em><\/strong><\/p><p>SHIVART design, her t\u00fcrl\u00fc vizyonu ger\u00e7e\u011fe d\u00f6n\u00fc\u015ft\u00fcrerek ya\u015fam i\u00e7in bir tasar\u0131m yaratan lider bir i\u00e7 tasar\u0131m firmas\u0131d\u0131r. M\u00fc\u015fterilerimizle yak\u0131n bir \u015fekilde \u00e7al\u0131\u015f\u0131yoruz ve herhangi bir projeyi fikir\/tasar\u0131m a\u015famas\u0131ndan in\u015faat ve tamamlama a\u015famas\u0131na kadar al\u0131yoruz.<\/p><p>SHIVART design, konut, ticari, otel, ofis, peyzaj ve konaklama projelerinde m\u00fc\u015fterilerimiz i\u00e7in kapsaml\u0131 bir tasar\u0131m, dan\u0131\u015fmanl\u0131k ve yenileme hizmetleri paketi sunar. Sadece en y\u00fcksek standartta \u00e7al\u0131\u015fman\u0131n yeterli olaca\u011f\u0131na inan\u0131yoruz ve bunu m\u00fckemmel y\u00f6netim, deneyimli i\u015f g\u00fcc\u00fc ve her ayr\u0131nt\u0131ya g\u00f6sterilen \u00f6zenle m\u00fc\u015fterilerimize kalite sunarak ba\u015far\u0131yoruz. Shivart design, \u0130stanbul t\u00fcrkiye\u2019de bulunan bir mimarl\u0131k ve i\u00e7 tasar\u0131m st\u00fcdyosudur<\/p>\t\t\t\t\t\t<\/div>\n\t\t\t\t<\/div>\n\t\t\t\t\t<\/div>\n\t\t<\/div>\n\t\t\t\t\t<\/div>\n\t\t<\/section>\n\t\t\t\t\t<\/div>\n\t\t<\/div>\n\t\t\t\t\t<\/div>\n\t\t<\/section>\n\t\t\t\t<\/div>\n\t\t","protected":false},"excerpt":{"rendered":"<p>instagram +90 544 245 88 89 Facebook Bana ula\u015f\u0131n Hakk\u0131m\u0131zda B\u0130Z K\u0130M\u0130Z SHIVART Mimarl\u0131k ve \u0130\u00e7 Tasar\u0131m \u015eirketi, 2017 y\u0131l\u0131nda\u00a0 Shiva Kafashzadeh taraf\u0131ndan kurulmu\u015ftur.\u00a0 \u0130stanbul\u2019da kurulan bir tasar\u0131m st\u00fcdyosudur. Bu sorumluluk ve vizyon ile yola \u00e7\u0131kan firmam\u0131z, hizmet verdi\u011fi alanlarda piyasa standartlar\u0131n\u0131n \u00fczerinde bir kalite anlay\u0131\u015f\u0131 ve vizyon ile projelerini olu\u015fturmaktad\u0131r \u00a0Ba\u015flang\u0131\u00e7ta, SHIVART\u2018\u0131n sanatsal ve [&hellip;]<\/p>\n","protected":false},"author":3,"featured_media":0,"parent":0,"menu_order":0,"comment_status":"closed","ping_status":"closed","template":"","meta":{"footnotes":""},"class_list":["post-1207","page","type-page","status-publish","hentry"],"yoast_head":"<!-- This site is optimized with the Yoast SEO Premium plugin v19.5 (Yoast SEO v23.2) - https:\/\/yoast.com\/wordpress\/plugins\/seo\/ -->\n<title>Mimarl\u0131k ve \u0130\u00e7 Tasar\u0131m \u015eirketi<\/title>\n<meta name=\"description\" content=\"Mimarl\u0131k ve \u0130\u00e7 Tasar\u0131m \u015eirketi , lider i\u00e7 tasar\u0131m firmas\u0131 dan\u0131\u015fmanl\u0131k ve yenileme hizmetleri\" \/>\n<meta name=\"robots\" content=\"index, follow, max-snippet:-1, max-image-preview:large, max-video-preview:-1\" \/>\n<link rel=\"canonical\" href=\"https:\/\/shivartdesign.com\/?page_id=1207&lang=tr\" \/>\n<meta property=\"og:locale\" content=\"en_US\" \/>\n<meta property=\"og:type\" content=\"article\" \/>\n<meta property=\"og:title\" content=\"Hakk\u0131m\u0131zda\" \/>\n<meta property=\"og:description\" content=\"Mimarl\u0131k ve \u0130\u00e7 Tasar\u0131m \u015eirketi , lider i\u00e7 tasar\u0131m firmas\u0131 dan\u0131\u015fmanl\u0131k ve yenileme hizmetleri\" \/>\n<meta property=\"og:url\" content=\"https:\/\/shivartdesign.com\/?page_id=1207&amp;lang=tr\" \/>\n<meta property=\"og:site_name\" content=\"SHIVART\" \/>\n<meta property=\"article:publisher\" content=\"https:\/\/www.facebook.com\/profile.php?id=100065242620259\" \/>\n<meta property=\"article:modified_time\" content=\"2024-08-09T10:12:20+00:00\" \/>\n<meta property=\"og:image\" content=\"http:\/\/shivartdesign.com\/wp-content\/uploads\/2022\/11\/shiva-photo.webp\" \/>\n<meta name=\"twitter:card\" content=\"summary_large_image\" \/>\n<meta name=\"twitter:label1\" content=\"Est. reading time\" \/>\n\t<meta name=\"twitter:data1\" content=\"3 minutes\" \/>\n<script type=\"application\/ld+json\" class=\"yoast-schema-graph\">{\"@context\":\"https:\/\/schema.org\",\"@graph\":[{\"@type\":\"WebPage\",\"@id\":\"https:\/\/shivartdesign.com\/?page_id=1207&lang=tr\",\"url\":\"https:\/\/shivartdesign.com\/?page_id=1207&lang=tr\",\"name\":\"Mimarl\u0131k ve \u0130\u00e7 Tasar\u0131m \u015eirketi\",\"isPartOf\":{\"@id\":\"https:\/\/shivartdesign.com\/#website\"},\"primaryImageOfPage\":{\"@id\":\"https:\/\/shivartdesign.com\/?page_id=1207&lang=tr#primaryimage\"},\"image\":{\"@id\":\"https:\/\/shivartdesign.com\/?page_id=1207&lang=tr#primaryimage\"},\"thumbnailUrl\":\"http:\/\/shivartdesign.com\/wp-content\/uploads\/2022\/11\/shiva-photo.webp\",\"datePublished\":\"2020-12-14T02:34:03+00:00\",\"dateModified\":\"2024-08-09T10:12:20+00:00\",\"description\":\"Mimarl\u0131k ve \u0130\u00e7 Tasar\u0131m \u015eirketi , lider i\u00e7 tasar\u0131m firmas\u0131 dan\u0131\u015fmanl\u0131k ve yenileme hizmetleri\",\"breadcrumb\":{\"@id\":\"https:\/\/shivartdesign.com\/?page_id=1207&lang=tr#breadcrumb\"},\"inLanguage\":\"en-US\",\"potentialAction\":[{\"@type\":\"ReadAction\",\"target\":[\"https:\/\/shivartdesign.com\/?page_id=1207&lang=tr\"]}]},{\"@type\":\"ImageObject\",\"inLanguage\":\"en-US\",\"@id\":\"https:\/\/shivartdesign.com\/?page_id=1207&lang=tr#primaryimage\",\"url\":\"http:\/\/shivartdesign.com\/wp-content\/uploads\/2022\/11\/shiva-photo.webp\",\"contentUrl\":\"http:\/\/shivartdesign.com\/wp-content\/uploads\/2022\/11\/shiva-photo.webp\"},{\"@type\":\"BreadcrumbList\",\"@id\":\"https:\/\/shivartdesign.com\/?page_id=1207&lang=tr#breadcrumb\",\"itemListElement\":[{\"@type\":\"ListItem\",\"position\":1,\"name\":\"Home\",\"item\":\"https:\/\/shivartdesign.com\/\"},{\"@type\":\"ListItem\",\"position\":2,\"name\":\"Hakk\u0131m\u0131zda\"}]},{\"@type\":\"WebSite\",\"@id\":\"https:\/\/shivartdesign.com\/#website\",\"url\":\"https:\/\/shivartdesign.com\/\",\"name\":\"SHIVART\",\"description\":\"Interrior Design , Commercial Projects , Residential design , Renovation design\",\"publisher\":{\"@id\":\"https:\/\/shivartdesign.com\/#\/schema\/person\/ab770ca29440bc43d81f36ec7d2cbec3\"},\"potentialAction\":[{\"@type\":\"SearchAction\",\"target\":{\"@type\":\"EntryPoint\",\"urlTemplate\":\"https:\/\/shivartdesign.com\/?s={search_term_string}\"},\"query-input\":\"required name=search_term_string\"}],\"inLanguage\":\"en-US\"},{\"@type\":[\"Person\",\"Organization\"],\"@id\":\"https:\/\/shivartdesign.com\/#\/schema\/person\/ab770ca29440bc43d81f36ec7d2cbec3\",\"name\":\"Farshid Noorzadeh\",\"image\":{\"@type\":\"ImageObject\",\"inLanguage\":\"en-US\",\"@id\":\"https:\/\/shivartdesign.com\/#\/schema\/person\/image\/\",\"url\":\"https:\/\/shivartdesign.com\/wp-content\/uploads\/2022\/11\/cropped-Logo-PNG.png\",\"contentUrl\":\"https:\/\/shivartdesign.com\/wp-content\/uploads\/2022\/11\/cropped-Logo-PNG.png\",\"width\":1079,\"height\":414,\"caption\":\"Farshid Noorzadeh\"},\"logo\":{\"@id\":\"https:\/\/shivartdesign.com\/#\/schema\/person\/image\/\"},\"sameAs\":[\"https:\/\/www.facebook.com\/profile.php?id=100065242620259\",\"https:\/\/www.instagram.com\/shivart_design\/\",\"https:\/\/www.linkedin.com\/in\/shiva-kaffashzadeh-52176493\/\",\"https:\/\/www.youtube.com\/@shivartdesign2900\"]}]}<\/script>\n<!-- \/ Yoast SEO Premium plugin. -->","yoast_head_json":{"title":"Mimarl\u0131k ve \u0130\u00e7 Tasar\u0131m \u015eirketi","description":"Mimarl\u0131k ve \u0130\u00e7 Tasar\u0131m \u015eirketi , lider i\u00e7 tasar\u0131m firmas\u0131 dan\u0131\u015fmanl\u0131k ve yenileme hizmetleri","robots":{"index":"index","follow":"follow","max-snippet":"max-snippet:-1","max-image-preview":"max-image-preview:large","max-video-preview":"max-video-preview:-1"},"canonical":"https:\/\/shivartdesign.com\/?page_id=1207&lang=tr","og_locale":"en_US","og_type":"article","og_title":"Hakk\u0131m\u0131zda","og_description":"Mimarl\u0131k ve \u0130\u00e7 Tasar\u0131m \u015eirketi , lider i\u00e7 tasar\u0131m firmas\u0131 dan\u0131\u015fmanl\u0131k ve yenileme hizmetleri","og_url":"https:\/\/shivartdesign.com\/?page_id=1207&lang=tr","og_site_name":"SHIVART","article_publisher":"https:\/\/www.facebook.com\/profile.php?id=100065242620259","article_modified_time":"2024-08-09T10:12:20+00:00","og_image":[{"url":"http:\/\/shivartdesign.com\/wp-content\/uploads\/2022\/11\/shiva-photo.webp"}],"twitter_card":"summary_large_image","twitter_misc":{"Est. reading time":"3 minutes"},"schema":{"@context":"https:\/\/schema.org","@graph":[{"@type":"WebPage","@id":"https:\/\/shivartdesign.com\/?page_id=1207&lang=tr","url":"https:\/\/shivartdesign.com\/?page_id=1207&lang=tr","name":"Mimarl\u0131k ve \u0130\u00e7 Tasar\u0131m \u015eirketi","isPartOf":{"@id":"https:\/\/shivartdesign.com\/#website"},"primaryImageOfPage":{"@id":"https:\/\/shivartdesign.com\/?page_id=1207&lang=tr#primaryimage"},"image":{"@id":"https:\/\/shivartdesign.com\/?page_id=1207&lang=tr#primaryimage"},"thumbnailUrl":"http:\/\/shivartdesign.com\/wp-content\/uploads\/2022\/11\/shiva-photo.webp","datePublished":"2020-12-14T02:34:03+00:00","dateModified":"2024-08-09T10:12:20+00:00","description":"Mimarl\u0131k ve \u0130\u00e7 Tasar\u0131m \u015eirketi , lider i\u00e7 tasar\u0131m firmas\u0131 dan\u0131\u015fmanl\u0131k ve yenileme hizmetleri","breadcrumb":{"@id":"https:\/\/shivartdesign.com\/?page_id=1207&lang=tr#breadcrumb"},"inLanguage":"en-US","potentialAction":[{"@type":"ReadAction","target":["https:\/\/shivartdesign.com\/?page_id=1207&lang=tr"]}]},{"@type":"ImageObject","inLanguage":"en-US","@id":"https:\/\/shivartdesign.com\/?page_id=1207&lang=tr#primaryimage","url":"http:\/\/shivartdesign.com\/wp-content\/uploads\/2022\/11\/shiva-photo.webp","contentUrl":"http:\/\/shivartdesign.com\/wp-content\/uploads\/2022\/11\/shiva-photo.webp"},{"@type":"BreadcrumbList","@id":"https:\/\/shivartdesign.com\/?page_id=1207&lang=tr#breadcrumb","itemListElement":[{"@type":"ListItem","position":1,"name":"Home","item":"https:\/\/shivartdesign.com\/"},{"@type":"ListItem","position":2,"name":"Hakk\u0131m\u0131zda"}]},{"@type":"WebSite","@id":"https:\/\/shivartdesign.com\/#website","url":"https:\/\/shivartdesign.com\/","name":"SHIVART","description":"Interrior Design , Commercial Projects , Residential design , Renovation design","publisher":{"@id":"https:\/\/shivartdesign.com\/#\/schema\/person\/ab770ca29440bc43d81f36ec7d2cbec3"},"potentialAction":[{"@type":"SearchAction","target":{"@type":"EntryPoint","urlTemplate":"https:\/\/shivartdesign.com\/?s={search_term_string}"},"query-input":"required name=search_term_string"}],"inLanguage":"en-US"},{"@type":["Person","Organization"],"@id":"https:\/\/shivartdesign.com\/#\/schema\/person\/ab770ca29440bc43d81f36ec7d2cbec3","name":"Farshid Noorzadeh","image":{"@type":"ImageObject","inLanguage":"en-US","@id":"https:\/\/shivartdesign.com\/#\/schema\/person\/image\/","url":"https:\/\/shivartdesign.com\/wp-content\/uploads\/2022\/11\/cropped-Logo-PNG.png","contentUrl":"https:\/\/shivartdesign.com\/wp-content\/uploads\/2022\/11\/cropped-Logo-PNG.png","width":1079,"height":414,"caption":"Farshid Noorzadeh"},"logo":{"@id":"https:\/\/shivartdesign.com\/#\/schema\/person\/image\/"},"sameAs":["https:\/\/www.facebook.com\/profile.php?id=100065242620259","https:\/\/www.instagram.com\/shivart_design\/","https:\/\/www.linkedin.com\/in\/shiva-kaffashzadeh-52176493\/","https:\/\/www.youtube.com\/@shivartdesign2900"]}]}},"_links":{"self":[{"href":"https:\/\/shivartdesign.com\/index.php?rest_route=\/wp\/v2\/pages\/1207"}],"collection":[{"href":"https:\/\/shivartdesign.com\/index.php?rest_route=\/wp\/v2\/pages"}],"about":[{"href":"https:\/\/shivartdesign.com\/index.php?rest_route=\/wp\/v2\/types\/page"}],"author":[{"embeddable":true,"href":"https:\/\/shivartdesign.com\/index.php?rest_route=\/wp\/v2\/users\/3"}],"replies":[{"embeddable":true,"href":"https:\/\/shivartdesign.com\/index.php?rest_route=%2Fwp%2Fv2%2Fcomments&post=1207"}],"version-history":[{"count":0,"href":"https:\/\/shivartdesign.com\/index.php?rest_route=\/wp\/v2\/pages\/1207\/revisions"}],"wp:attachment":[{"href":"https:\/\/shivartdesign.com\/index.php?rest_route=%2Fwp%2Fv2%2Fmedia&parent=1207"}],"curies":[{"name":"wp","href":"https:\/\/api.w.org\/{rel}","templated":true}]}}